{"id":995,"date":"2021-09-10T11:55:22","date_gmt":"2021-09-10T11:55:22","guid":{"rendered":"http:\/\/msbob.de\/?page_id=995"},"modified":"2026-04-23T21:25:51","modified_gmt":"2026-04-23T21:25:51","slug":"termine","status":"publish","type":"page","link":"http:\/\/msbob.de\/?page_id=995","title":{"rendered":"Besondere Leistungsfeststellung zum Erwerb des qualifizierenden Abschlusses Mittelschule &#8211; Pr\u00fcfungsplan 2026"},"content":{"rendered":"\n<p class=\"has-black-color has-text-color has-link-color wp-elements-532251ee7b2707c4d335c7f34949b7fa\"><strong><span style=\"background-color:rgba(0, 0, 0, 0)\" class=\"has-inline-color has-vivid-green-cyan-color\">QA &#8211; QUALIFIZIERENDER ABSCHLUSS<\/span><\/strong><span style=\"background-color:rgba(0, 0, 0, 0)\" class=\"has-inline-color has-vivid-green-cyan-color\"><strong> DER MITTELSCHULE IM SCHULJAHR 2025\/2026<\/strong><\/span><\/p>\n\n\n\n<p>Bitte beachten Sie, dass hier gr\u00f6\u00dftenteils lediglich Pr\u00fcfungszeitr\u00e4ume bzw. Tage aufgef\u00fchrt sind. Die Sch\u00fclerInnen haben zum Teil unterschiedliche Pr\u00fcfungszeiten oder -tage, zum Beispiel bei den m\u00fcndlichen Pr\u00fcfungen oder den Projektpr\u00fcfungen.<\/p>\n\n\n\n<p>Einteilungen zu den m\u00fcndlichen Pr\u00fcfungen erhalten die Sch\u00fclerinnen und Sch\u00fcler von den Klassleitungen. Externe Teilnehmende informieren wir per Mail.<\/p>\n\n\n\n<p>Anwesenheit: zwingend 15 Minuten vor Pr\u00fcfungsbeginn, Externe melden sich vor jeder Einzelpr\u00fcfung im Sekretariat an.<\/p>\n\n\n\n<p class=\"has-light-green-cyan-background-color has-background\"><strong>VON DER SCHULE FESTGELEGT<\/strong>: PRAKTISCHE, SCHRIFTLICHE UND M\u00dcNDLICHE PR\u00dcFUNGEN<\/p>\n\n\n\n<figure class=\"wp-block-table\"><table><tbody><tr><td><strong>QA PROJEKTPR\u00dcFUNG (KW 16\/17) vom 16.04. bis 23.04.26<\/strong><br>Anwesenheit und Termine f\u00fcr die praktischen Pr\u00fcfungen werden bei Leittextausgabe bekannt gemacht<br>Pr\u00e4sentation = Abschluss der Projektpr\u00fcfung<\/td><\/tr><\/tbody><\/table><\/figure>\n\n\n\n<figure class=\"wp-block-table\"><table><tbody><tr><td>Do 16.04.<\/td><td><\/td><td>Leittextausgabe und Beginn der Arbeit<\/td><td>&nbsp;<\/td><td>Aula \/ Klassenzimmer\/ Fachr\u00e4ume<\/td><\/tr><tr><td>Fr. 17.04.<\/td><td>&nbsp;<\/td><td>Anwesenheit Schalterstunden nach Einteilung<\/td><td>&nbsp;<\/td><td>211, 217, 117, Fachr\u00e4ume<\/td><\/tr><tr><td>Mo 20.04.<\/td><td>&nbsp;<\/td><td>Anwesenheit Durchf\u00fchrung<\/td><td>&nbsp;<\/td><td>211, 217, 117, Fachr\u00e4ume<\/td><\/tr><tr><td>Di 21.04.<\/td><td>&nbsp;<\/td><td>Anwesenheit Durchf\u00fchrung<\/td><td>&nbsp;<\/td><td>211, 217, 117, Fachr\u00e4ume<\/td><\/tr><tr><td>Mi 22.04.<\/td><td>&nbsp;<\/td><td>Durchf\u00fchrung Druck und Mappenabgabe<\/td><td>&nbsp;<\/td><td>122 \/ LZ<\/td><\/tr><tr><td>Mi\/Do 22.\/23.04.<\/td><td>&nbsp;<\/td><td>Pr\u00e4sentationen<\/td><td>&nbsp;<\/td><td>211, 217, 117, Fachr\u00e4ume<\/td><\/tr><\/tbody><\/table><\/figure>\n\n\n\n<figure class=\"wp-block-table\"><table><tbody><tr><td><strong>QA PR\u00dcFUNGSWOCHEN SCHULINTERN (KW 20\/21)<\/strong><\/td><\/tr><\/tbody><\/table><\/figure>\n\n\n\n<figure class=\"wp-block-table\"><table class=\"has-fixed-layout\"><tbody><tr><td class=\"has-text-align-left\" data-align=\"left\">05.05.26<\/td><td class=\"has-text-align-left\" data-align=\"left\">Einteilung lt. Liste ab 8:00<\/td><td class=\"has-text-align-left\" data-align=\"left\">Englisch m\u00fcndlich (15 Min) Externe<\/td><td class=\"has-text-align-left\" data-align=\"left\">Raum<\/td><\/tr><\/tbody><\/table><\/figure>\n\n\n\n<figure class=\"wp-block-table\"><table><tbody><tr><td>13.05.26<\/td><td>ab 10:00<\/td><td>Sport praktisch<\/td><td>Stadion<\/td><\/tr><\/tbody><\/table><\/figure>\n\n\n\n<p><\/p>\n\n\n\n<figure class=\"wp-block-table\"><table><tbody><tr><td>15.05.26<\/td><td>Einteilung lt. Liste ab 8:00<\/td><td>Englisch m\u00fcndlich (je 15 Min)<\/td><td>n.n.<\/td><\/tr><tr><td><\/td><td><\/td><td><\/td><td><\/td><\/tr><tr><td><\/td><td><\/td><td>Englisch m\u00fcndlich (je 15 Min)<\/td><td><\/td><\/tr><\/tbody><\/table><\/figure>\n\n\n\n<figure class=\"wp-block-table\"><table><tbody><tr><td>18.05.26<\/td><td>Einteilung lt. Liste ab 8:00<\/td><td>DaZ m\u00fcndlich (15 Min)<\/td><td>Raum <\/td><\/tr><\/tbody><\/table><\/figure>\n\n\n\n<p><\/p>\n\n\n\n<figure class=\"wp-block-table\"><table><tbody><tr><td>19.05.26<\/td><td>8:30 \u2013 11:00<\/td><td>Informatik schriftlich (150 Min)<\/td><td>Raum <\/td><\/tr><tr><td>19.05.26<\/td><td>8:30 \u2013 9:00<\/td><td>Kunst schriftlich (30 Min)<\/td><td>Aula<\/td><\/tr><tr><td>19.05.26<\/td><td>9:30 \u201312:00<\/td><td>Kunst praktisch (150 Min)<\/td><td>Raum<\/td><\/tr><tr><td>19.05.26<\/td><td>8:30 \u2013 9:00<\/td><td>Musik (30 Min)<\/td><td>Raum<\/td><\/tr><tr><td>19.05.26<\/td><td>8:30 \u2013 9:00<\/td><td>Sport schriftlich (30 Min)<\/td><td>Aula<\/td><\/tr><tr><td>19.05.26<\/td><td>ab 10:00<\/td><td>Sport praktisch<\/td><td>Jahnhalle<\/td><\/tr><\/tbody><\/table><\/figure>\n\n\n\n<figure class=\"wp-block-table\"><table><tbody><tr><td>19.05.26<\/td><td>8:30-9:30<\/td><td>Religion kath. schriftlich \/ Religion ev. schriftlich \/ Ethik schriftlich \/ IsU schriftlich<\/td><td>Aula<\/td><\/tr><\/tbody><\/table><\/figure>\n\n\n\n<figure class=\"wp-block-table\"><table><tbody><tr><td>Di 09.06.<\/td><td>8:30 \u2013 <\/td><td>NT schriftlich ( Min)<\/td><td>Aula<\/td><\/tr><tr><td>Mi 10.06.<\/td><td>8:30 \u2013 <\/td><td>GPG schriftlich ( Min)<\/td><td>Aula<\/td><\/tr><\/tbody><\/table><\/figure>\n\n\n\n<p>PFINGSTFERIEN 26.05.2026 \u2013 05.06.2026<\/p>\n\n\n\n<p><\/p>\n\n\n\n<p class=\"has-light-green-cyan-background-color has-background\"><strong>VOM KULTUSMINISTERIUM FESTGESETZT UND IN GANZ BAYERN GLEICH:<\/strong> SCHRIFTLICHE PR\u00dcFUNGEN &#8211; BEGINNEND IMMER UM 8:30 UHR<\/p>\n\n\n\n<p><strong>Besondere Leistungsfeststellung im Fach nichtdeutsche Muttersprache<\/strong><\/p>\n\n\n\n<p><strong>Dienstag, 24. M\u00e4rz 2026 (Leistungstest)<\/strong><\/p>\n\n\n\n<p><\/p>\n\n\n\n<p><strong><em>Freitag, 26. Juni 2026<\/em><\/strong><\/p>\n\n\n\n<p><strong>Muttersprache <\/strong>(\u00a7 23 Abs. 2 Satz 1 und \u00a7 23 Abs. 6 Satz 1 Nr. 2 MSO)<\/p>\n\n\n\n<p>120 Minuten Arbeitszeit (8:30 &#8211; 10:30 Uhr)<\/p>\n\n\n\n<p>Teil A&nbsp;&nbsp;&nbsp;&nbsp; Textgebundenes Schreiben<\/p>\n\n\n\n<p>Teil B&nbsp;&nbsp;&nbsp;&nbsp; Impulsgesteuertes Schreiben<\/p>\n\n\n\n<p><\/p>\n\n\n\n<p><strong><em>Montag, 29. Juni 2026<\/em><\/strong><\/p>\n\n\n\n<p><strong>Englisch<\/strong> (\u00a7 23 Abs. 6 Satz 1 Nr. 5 MSO)<\/p>\n\n\n\n<p>120 Minuten Arbeitszeit (8:30 &#8211; 10:30 Uhr)<\/p>\n\n\n\n<p>Teil A&nbsp;&nbsp;&nbsp;&nbsp; H\u00f6r- und H\u00f6rsehverstehen<\/p>\n\n\n\n<p>Teil B&nbsp;&nbsp;&nbsp;&nbsp; Sprachgebrauch<\/p>\n\n\n\n<p>Teil C&nbsp;&nbsp;&nbsp;&nbsp; Leseverstehen<\/p>\n\n\n\n<p>Teil D&nbsp;&nbsp;&nbsp;&nbsp; Sprachmittlung<\/p>\n\n\n\n<p>Teil E&nbsp;&nbsp;&nbsp;&nbsp; Text- und Medienkompetenz<\/p>\n\n\n\n<p>Teil F&nbsp;&nbsp;&nbsp;&nbsp; Schreiben<\/p>\n\n\n\n<p><\/p>\n\n\n\n<p><strong><em>Dienstag, 30. Juni 202<\/em>6<\/strong><\/p>\n\n\n\n<p><strong>Deutsch <\/strong>(\u00a7 23 Abs. 6 Satz Nr. 1 MSO)<\/p>\n\n\n\n<p>195 Minuten Arbeitszeit (8:30 &#8211; 11:45 Uhr)<\/p>\n\n\n\n<p><\/p>\n\n\n\n<p>Teil A&nbsp;&nbsp;&nbsp;&nbsp; Zuh\u00f6ren<\/p>\n\n\n\n<p>Teil B&nbsp;&nbsp;&nbsp;&nbsp; Sprachgebrauch \u2013 Sprachbetrachtung<\/p>\n\n\n\n<p>              Sprachgebrauch \u2013 Rechtschreibung<\/p>\n\n\n\n<p>Teil C&nbsp;&nbsp;&nbsp;&nbsp; Lesen<\/p>\n\n\n\n<p>Teil D&nbsp;&nbsp;&nbsp;&nbsp; Schreiben<\/p>\n\n\n\n<p><\/p>\n\n\n\n<p><strong>Deutsch als Zweitsprache<\/strong> (\u00a7 23 Abs. 2 Satz 2 und Abs. 6 Satz 1 Nr. 3 MSO)<\/p>\n\n\n\n<p>150 Minuten Arbeitszeit (8:30 &#8211; 11:00 Uhr)<\/p>\n\n\n\n<p><\/p>\n\n\n\n<p>Teil A&nbsp;&nbsp;&nbsp;&nbsp; Zuh\u00f6ren<\/p>\n\n\n\n<p>Teil B&nbsp;&nbsp;&nbsp;&nbsp; Sprachgebrauch \u2013 Sprachbetrachtung &#8211; Rechtschreibung<\/p>\n\n\n\n<p>Teil C      Lesen<\/p>\n\n\n\n<p>Teil D&nbsp;&nbsp;&nbsp;&nbsp; Schreiben<\/p>\n\n\n\n<p><\/p>\n\n\n\n<p><strong><em>Mittwoch, 01. Juli 2026<\/em><\/strong><\/p>\n\n\n\n<p><strong>Mathematik<\/strong> (\u00a7 23 Abs. 6 Satz 1 Nr. 4 MSO) <\/p>\n\n\n\n<p>120 Minuten Arbeitszeit (8:30 &#8211; 10:40)<\/p>\n\n\n\n<p>Teil A&nbsp;&nbsp;&nbsp;&nbsp; 8.30 bis 9.00 Uhr<\/p>\n\n\n\n<p>Teil B&nbsp;&nbsp;&nbsp;&nbsp; 9.10 bis 10.40 Uhr<\/p>\n\n\n\n<p><\/p>\n\n\n\n<figure class=\"wp-block-table\"><table><tbody><tr><td><strong>NOTENBEKANNTGABE n.n. 07.26 13:00 Uhr Sekretariat<\/strong><\/td><\/tr><\/tbody><\/table><\/figure>\n\n\n\n<figure class=\"wp-block-table\"><table><tbody><tr><td>n.n.07.<\/td><td>Einteilung wird ausgeh\u00e4ngt<\/td><td>Nachpr\u00fcfungen Deutsch\/Mathe<\/td><td>n.n.<\/td><\/tr><tr><td>n.n.07.<\/td><td>Einteilung wird ausgeh\u00e4ngt<\/td><td>Nachpr\u00fcfungen Deutsch\/Mathe<\/td><td>n.n.<\/td><\/tr><\/tbody><\/table><\/figure>\n\n\n\n<figure class=\"wp-block-table\"><table><tbody><tr><td><strong>Freitag 24.07.26 Zeugnisausgabe f\u00fcr externe Pr\u00fcfungsteilnehmer (bis 13:00 Uhr)<\/strong><\/td><\/tr><\/tbody><\/table><\/figure>\n\n\n\n<p><\/p>\n","protected":false},"excerpt":{"rendered":"<p>QA &#8211; QUALIFIZIERENDER ABSCHLUSS DER MITTELSCHULE IM SCHULJAHR 2025\/2026 Bitte beachten Sie, dass hier gr\u00f6\u00dftenteils lediglich Pr\u00fcfungszeitr\u00e4ume bzw. Tage aufgef\u00fchrt sind. Die Sch\u00fclerInnen haben zum Teil unterschiedliche Pr\u00fcfungszeiten oder -tage, zum Beispiel bei den m\u00fcndlichen Pr\u00fcfungen oder den Projektpr\u00fcfungen. Einteilungen<\/p>\n","protected":false},"author":1,"featured_media":0,"parent":1318,"menu_order":1,"comment_status":"closed","ping_status":"closed","template":"","meta":{"footnotes":""},"class_list":["post-995","page","type-page","status-publish","hentry"],"jetpack_sharing_enabled":true,"_links":{"self":[{"href":"http:\/\/msbob.de\/index.php?rest_route=\/wp\/v2\/pages\/995","targetHints":{"allow":["GET"]}}],"collection":[{"href":"http:\/\/msbob.de\/index.php?rest_route=\/wp\/v2\/pages"}],"about":[{"href":"http:\/\/msbob.de\/index.php?rest_route=\/wp\/v2\/types\/page"}],"author":[{"embeddable":true,"href":"http:\/\/msbob.de\/index.php?rest_route=\/wp\/v2\/users\/1"}],"replies":[{"embeddable":true,"href":"http:\/\/msbob.de\/index.php?rest_route=%2Fwp%2Fv2%2Fcomments&post=995"}],"version-history":[{"count":25,"href":"http:\/\/msbob.de\/index.php?rest_route=\/wp\/v2\/pages\/995\/revisions"}],"predecessor-version":[{"id":1641,"href":"http:\/\/msbob.de\/index.php?rest_route=\/wp\/v2\/pages\/995\/revisions\/1641"}],"up":[{"embeddable":true,"href":"http:\/\/msbob.de\/index.php?rest_route=\/wp\/v2\/pages\/1318"}],"wp:attachment":[{"href":"http:\/\/msbob.de\/index.php?rest_route=%2Fwp%2Fv2%2Fmedia&parent=995"}],"curies":[{"name":"wp","href":"https:\/\/api.w.org\/{rel}","templated":true}]}}