{"id":648,"date":"2020-07-21T11:10:46","date_gmt":"2020-07-21T11:10:46","guid":{"rendered":"http:\/\/msbob.de\/?page_id=648"},"modified":"2025-05-14T11:30:53","modified_gmt":"2025-05-14T11:30:53","slug":"praxisklasse","status":"publish","type":"page","link":"http:\/\/msbob.de\/?page_id=648","title":{"rendered":"Praxisklasse"},"content":{"rendered":"\n<p><strong>Praxisklasse an der Dr.-Jaufmann-Mittelschule Bobingen<\/strong><\/p>\n\n\n\n<p>Der Besuch der Praxisklasse ist ein Angebot der Dr.-Jaufmann-Mittelschule Bobingen und wird durch die Bayerische Landesregierung \u00fcber den Europ\u00e4ischen Sozialfond (ESF) finanziert. Seit dem Schuljahr 2020\/21 ist St. Gregor Kinder-, Jugend- und Familienhilfe Tr\u00e4ger des Angebotes.<\/p>\n\n\n\n<figure class=\"wp-block-image size-full\"><img loading=\"lazy\" decoding=\"async\" width=\"220\" height=\"51\" src=\"http:\/\/msbob.de\/wp-content\/uploads\/2022\/06\/image-1.png\" alt=\"\" class=\"wp-image-1231\"\/><\/figure>\n\n\n\n<figure class=\"wp-block-image size-full is-resized\"><img loading=\"lazy\" decoding=\"async\" width=\"229\" height=\"66\" src=\"http:\/\/msbob.de\/wp-content\/uploads\/2022\/06\/image-3.png\" alt=\"\" class=\"wp-image-1233\" style=\"width:229px;height:66px\"\/><\/figure>\n\n\n\n<figure class=\"wp-block-image size-full\"><img loading=\"lazy\" decoding=\"async\" width=\"208\" height=\"66\" src=\"http:\/\/msbob.de\/wp-content\/uploads\/2022\/06\/image-2.png\" alt=\"\" class=\"wp-image-1232\"\/><\/figure>\n\n\n\n<figure class=\"wp-block-image size-large\"><img loading=\"lazy\" decoding=\"async\" width=\"1024\" height=\"215\" src=\"http:\/\/msbob.de\/wp-content\/uploads\/2024\/11\/DE-Finanziert-von-der-Europaeischen-Union-PANTONE-1024x215.jpg\" alt=\"\" class=\"wp-image-1514\" srcset=\"http:\/\/msbob.de\/wp-content\/uploads\/2024\/11\/DE-Finanziert-von-der-Europaeischen-Union-PANTONE-1024x215.jpg 1024w, http:\/\/msbob.de\/wp-content\/uploads\/2024\/11\/DE-Finanziert-von-der-Europaeischen-Union-PANTONE-300x63.jpg 300w, http:\/\/msbob.de\/wp-content\/uploads\/2024\/11\/DE-Finanziert-von-der-Europaeischen-Union-PANTONE-768x161.jpg 768w, http:\/\/msbob.de\/wp-content\/uploads\/2024\/11\/DE-Finanziert-von-der-Europaeischen-Union-PANTONE-1536x322.jpg 1536w, http:\/\/msbob.de\/wp-content\/uploads\/2024\/11\/DE-Finanziert-von-der-Europaeischen-Union-PANTONE-2048x430.jpg 2048w\" sizes=\"auto, (max-width: 1024px) 100vw, 1024px\" \/><\/figure>\n\n\n\n<figure class=\"wp-block-image size-large\"><img loading=\"lazy\" decoding=\"async\" width=\"1024\" height=\"165\" src=\"http:\/\/msbob.de\/wp-content\/uploads\/2024\/11\/StMAS-WBM-2018_2zre_rgb-1024x165.jpg\" alt=\"\" class=\"wp-image-1517\" srcset=\"http:\/\/msbob.de\/wp-content\/uploads\/2024\/11\/StMAS-WBM-2018_2zre_rgb-1024x165.jpg 1024w, http:\/\/msbob.de\/wp-content\/uploads\/2024\/11\/StMAS-WBM-2018_2zre_rgb-300x48.jpg 300w, http:\/\/msbob.de\/wp-content\/uploads\/2024\/11\/StMAS-WBM-2018_2zre_rgb-768x124.jpg 768w, http:\/\/msbob.de\/wp-content\/uploads\/2024\/11\/StMAS-WBM-2018_2zre_rgb.jpg 1493w\" sizes=\"auto, (max-width: 1024px) 100vw, 1024px\" \/><\/figure>\n\n\n\n<p><strong>Wer?<\/strong><\/p>\n\n\n\n<p>Die Praxisklasse richtet sich an Sch\u00fcler*innen ab dem 8. Schulbesuchsjahr bzw. im letzten Schulbesuchsjahr, die nach Unterst\u00fctzung und Chancen suchen, den erfolgreichen Mittelschulabschluss zu bestehen und eine passende Lehrstelle zu finden.<\/p>\n\n\n\n<p><strong>Ziele<\/strong><\/p>\n\n\n\n<p>Individuelle F\u00f6rderungen in den Bereichen<\/p>\n\n\n\n<p>\u00d8 Berufsorientierung und Berufswahlentscheidung<\/p>\n\n\n\n<p>\u00d8 Sozialkompetenzen und<\/p>\n\n\n\n<p>\u00d8 praxisorientierten Unterricht mit gezielter Vorbereitung auf den<\/p>\n\n\n\n<p>erfolgreichen Mittelschulabschluss<\/p>\n\n\n\n<p>sollen <strong>Ausbildungsreife und Pers\u00f6nlichkeitsentwicklung<\/strong> erreicht werden.<\/p>\n\n\n\n<p><strong>Konzept<\/strong><\/p>\n\n\n\n<p>\u00d8 Schwerpunkt dieser Klasse ist die <strong>Praxis<\/strong> mit bis zu 8 Wochen Betriebspraktika und fachpraktischem Unterricht in Technik und Soziales<\/p>\n\n\n\n<p>\u00d8 individuelle Unterst\u00fctzung bei der Berufsorientierung und Bewerbung<\/p>\n\n\n\n<p>\u00d8 Enge Zusammenarbeit mit dem Ausbildungsmarkt z.B. Berufsberatung der Agentur f\u00fcr Arbeit, regionale Ausbildungs- und Praktikumsbetriebe, IHK, HWK usw.<\/p>\n\n\n\n<p>\u00d8 Kleine Klasse (max. 16 Sch\u00fcler*innen) und Unterricht mit dem Schwerpunkt auf den F\u00e4chern Mathematik, Deutsch und allgemeinbildenden F\u00e4chern<\/p>\n\n\n\n<p>\u00d8 Sozialp\u00e4dagogische Hilfestellung bei der Berufsorientierung, Berufswahlentscheidung und Bewerbung<\/p>\n\n\n\n<p><strong>Anmeldung<\/strong><\/p>\n\n\n\n<p>Die Anmeldung erfolgt mit unterschriebenem Lernvertrag \u00fcber das Sekretariat<\/p>\n\n\n\n<p>\u00e8 Grundvoraussetzung ist ein deutlicher Wille und Interesse des Sch\u00fclers und des Elternhauses zur gemeinsamen Zusammenarbeit mit dem Team der Praxisklasse.<\/p>\n\n\n\n<p><strong>Kontakt:<\/strong><\/p>\n\n\n\n<p>Klassenlehrerin Jutta Mihm<\/p>\n\n\n\n<p>Sozialp\u00e4dagoge Lukas Schamberger, Tel. 08234 965527 oder E-Mail: schamberger.lukas@st-gregor.de<\/p>\n\n\n\n<figure class=\"wp-block-image size-large is-resized\"><img loading=\"lazy\" decoding=\"async\" width=\"771\" height=\"1024\" src=\"http:\/\/msbob.de\/wp-content\/uploads\/2024\/09\/WhatsApp-Image-2024-06-27-at-11.20.16-771x1024.jpeg\" alt=\"\" class=\"wp-image-1479\" style=\"width:179px;height:auto\" srcset=\"http:\/\/msbob.de\/wp-content\/uploads\/2024\/09\/WhatsApp-Image-2024-06-27-at-11.20.16-771x1024.jpeg 771w, http:\/\/msbob.de\/wp-content\/uploads\/2024\/09\/WhatsApp-Image-2024-06-27-at-11.20.16-226x300.jpeg 226w, http:\/\/msbob.de\/wp-content\/uploads\/2024\/09\/WhatsApp-Image-2024-06-27-at-11.20.16-768x1020.jpeg 768w, http:\/\/msbob.de\/wp-content\/uploads\/2024\/09\/WhatsApp-Image-2024-06-27-at-11.20.16.jpeg 899w\" sizes=\"auto, (max-width: 771px) 100vw, 771px\" \/><\/figure>\n\n\n\n<p>Anmeldung f\u00fcr die Praxisklasse (bitte Lernvertrag herunterladen): <\/p>\n\n\n\n<div data-wp-interactive=\"core\/file\" class=\"wp-block-file\"><object data-wp-bind--hidden=\"!state.hasPdfPreview\" hidden class=\"wp-block-file__embed\" data=\"http:\/\/msbob.de\/wp-content\/uploads\/2025\/05\/Lernvertrag-Praxisklasse.pdf\" type=\"application\/pdf\" style=\"width:100%;height:600px\" aria-label=\"Einbettung von Lernvertrag-Praxisklasse.\"><\/object><a id=\"wp-block-file--media-a2e3079f-62e7-45ba-a768-1302e3ba3f73\" href=\"http:\/\/msbob.de\/wp-content\/uploads\/2025\/05\/Lernvertrag-Praxisklasse.pdf\">Lernvertrag-Praxisklasse<\/a><a href=\"http:\/\/msbob.de\/wp-content\/uploads\/2025\/05\/Lernvertrag-Praxisklasse.pdf\" class=\"wp-block-file__button wp-element-button\" download aria-describedby=\"wp-block-file--media-a2e3079f-62e7-45ba-a768-1302e3ba3f73\">Herunterladen<\/a><\/div>\n\n\n\n<figure class=\"wp-block-image size-large is-resized\"><img loading=\"lazy\" decoding=\"async\" width=\"242\" height=\"75\" src=\"http:\/\/msbob.de\/wp-content\/uploads\/2020\/10\/St.Gregor.jpg\" alt=\"\" class=\"wp-image-692\" style=\"width:183px;height:57px\"\/><\/figure>\n","protected":false},"excerpt":{"rendered":"<p>Praxisklasse an der Dr.-Jaufmann-Mittelschule Bobingen Der Besuch der Praxisklasse ist ein Angebot der Dr.-Jaufmann-Mittelschule Bobingen und wird durch die Bayerische Landesregierung \u00fcber den Europ\u00e4ischen Sozialfond (ESF) finanziert. Seit dem Schuljahr 2020\/21 ist St. Gregor Kinder-, Jugend- und Familienhilfe Tr\u00e4ger des<\/p>\n","protected":false},"author":1,"featured_media":0,"parent":4,"menu_order":0,"comment_status":"closed","ping_status":"closed","template":"","meta":{"footnotes":""},"class_list":["post-648","page","type-page","status-publish","hentry"],"jetpack_sharing_enabled":true,"_links":{"self":[{"href":"http:\/\/msbob.de\/index.php?rest_route=\/wp\/v2\/pages\/648","targetHints":{"allow":["GET"]}}],"collection":[{"href":"http:\/\/msbob.de\/index.php?rest_route=\/wp\/v2\/pages"}],"about":[{"href":"http:\/\/msbob.de\/index.php?rest_route=\/wp\/v2\/types\/page"}],"author":[{"embeddable":true,"href":"http:\/\/msbob.de\/index.php?rest_route=\/wp\/v2\/users\/1"}],"replies":[{"embeddable":true,"href":"http:\/\/msbob.de\/index.php?rest_route=%2Fwp%2Fv2%2Fcomments&post=648"}],"version-history":[{"count":21,"href":"http:\/\/msbob.de\/index.php?rest_route=\/wp\/v2\/pages\/648\/revisions"}],"predecessor-version":[{"id":1575,"href":"http:\/\/msbob.de\/index.php?rest_route=\/wp\/v2\/pages\/648\/revisions\/1575"}],"up":[{"embeddable":true,"href":"http:\/\/msbob.de\/index.php?rest_route=\/wp\/v2\/pages\/4"}],"wp:attachment":[{"href":"http:\/\/msbob.de\/index.php?rest_route=%2Fwp%2Fv2%2Fmedia&parent=648"}],"curies":[{"name":"wp","href":"https:\/\/api.w.org\/{rel}","templated":true}]}}