{"id":328,"date":"2020-03-25T10:08:54","date_gmt":"2020-03-25T10:08:54","guid":{"rendered":"http:\/\/msbob.de\/?page_id=328"},"modified":"2023-03-29T20:35:36","modified_gmt":"2023-03-29T20:35:36","slug":"qa","status":"publish","type":"page","link":"http:\/\/msbob.de\/?page_id=328","title":{"rendered":"QA"},"content":{"rendered":"\n<p>Zu den einzelnen Pr\u00fcfungsf\u00e4chern finden sich Themengebiete bzw. Inhalte in Form von Skripten, die zur Pr\u00fcfungsvorbereitung dienen.<\/p>\n\n\n\n<p>Zur Vorbereitung der Projektpr\u00fcfung werden externe Pr\u00fcfungsteilnehmer individuell beraten und kontaktiert. <\/p>\n\n\n\n<p><\/p>\n","protected":false},"excerpt":{"rendered":"<p>Zu den einzelnen Pr\u00fcfungsf\u00e4chern finden sich Themengebiete bzw. Inhalte in Form von Skripten, die zur Pr\u00fcfungsvorbereitung dienen. Zur Vorbereitung der Projektpr\u00fcfung werden externe Pr\u00fcfungsteilnehmer individuell beraten und kontaktiert.<\/p>\n","protected":false},"author":1,"featured_media":0,"parent":211,"menu_order":1,"comment_status":"closed","ping_status":"closed","template":"","meta":{"footnotes":""},"class_list":["post-328","page","type-page","status-publish","hentry"],"jetpack_sharing_enabled":true,"_links":{"self":[{"href":"http:\/\/msbob.de\/index.php?rest_route=\/wp\/v2\/pages\/328","targetHints":{"allow":["GET"]}}],"collection":[{"href":"http:\/\/msbob.de\/index.php?rest_route=\/wp\/v2\/pages"}],"about":[{"href":"http:\/\/msbob.de\/index.php?rest_route=\/wp\/v2\/types\/page"}],"author":[{"embeddable":true,"href":"http:\/\/msbob.de\/index.php?rest_route=\/wp\/v2\/users\/1"}],"replies":[{"embeddable":true,"href":"http:\/\/msbob.de\/index.php?rest_route=%2Fwp%2Fv2%2Fcomments&post=328"}],"version-history":[{"count":4,"href":"http:\/\/msbob.de\/index.php?rest_route=\/wp\/v2\/pages\/328\/revisions"}],"predecessor-version":[{"id":1287,"href":"http:\/\/msbob.de\/index.php?rest_route=\/wp\/v2\/pages\/328\/revisions\/1287"}],"up":[{"embeddable":true,"href":"http:\/\/msbob.de\/index.php?rest_route=\/wp\/v2\/pages\/211"}],"wp:attachment":[{"href":"http:\/\/msbob.de\/index.php?rest_route=%2Fwp%2Fv2%2Fmedia&parent=328"}],"curies":[{"name":"wp","href":"https:\/\/api.w.org\/{rel}","templated":true}]}}