{"id":194,"date":"2020-03-18T10:41:30","date_gmt":"2020-03-18T10:41:30","guid":{"rendered":"http:\/\/msbob.de\/?page_id=194"},"modified":"2021-04-15T13:05:57","modified_gmt":"2021-04-15T13:05:57","slug":"abschlusspruefungen","status":"publish","type":"page","link":"http:\/\/msbob.de\/?page_id=194","title":{"rendered":"Abschlusspr\u00fcfungen"},"content":{"rendered":"\n<p>Hier haben Sch\u00fclerinnen und Sch\u00fcler der Abschlussklassen sowie externe Pr\u00fcfungsteilnehmer die M\u00f6glichkeit sich \u00fcber Termine zu informieren und Skripte zu einzelnen F\u00e4chern herunterzuladen. Auch finden sich einige hilfreiche Links zur Pr\u00fcfungsvorbereitung.<\/p>\n","protected":false},"excerpt":{"rendered":"<p>Hier haben Sch\u00fclerinnen und Sch\u00fcler der Abschlussklassen sowie externe Pr\u00fcfungsteilnehmer die M\u00f6glichkeit sich \u00fcber Termine zu informieren und Skripte zu einzelnen F\u00e4chern herunterzuladen. Auch finden sich einige hilfreiche Links zur Pr\u00fcfungsvorbereitung.<\/p>\n","protected":false},"author":1,"featured_media":0,"parent":0,"menu_order":3,"comment_status":"closed","ping_status":"closed","template":"","meta":{"footnotes":""},"class_list":["post-194","page","type-page","status-publish","hentry"],"jetpack_sharing_enabled":true,"_links":{"self":[{"href":"http:\/\/msbob.de\/index.php?rest_route=\/wp\/v2\/pages\/194","targetHints":{"allow":["GET"]}}],"collection":[{"href":"http:\/\/msbob.de\/index.php?rest_route=\/wp\/v2\/pages"}],"about":[{"href":"http:\/\/msbob.de\/index.php?rest_route=\/wp\/v2\/types\/page"}],"author":[{"embeddable":true,"href":"http:\/\/msbob.de\/index.php?rest_route=\/wp\/v2\/users\/1"}],"replies":[{"embeddable":true,"href":"http:\/\/msbob.de\/index.php?rest_route=%2Fwp%2Fv2%2Fcomments&post=194"}],"version-history":[{"count":3,"href":"http:\/\/msbob.de\/index.php?rest_route=\/wp\/v2\/pages\/194\/revisions"}],"predecessor-version":[{"id":891,"href":"http:\/\/msbob.de\/index.php?rest_route=\/wp\/v2\/pages\/194\/revisions\/891"}],"wp:attachment":[{"href":"http:\/\/msbob.de\/index.php?rest_route=%2Fwp%2Fv2%2Fmedia&parent=194"}],"curies":[{"name":"wp","href":"https:\/\/api.w.org\/{rel}","templated":true}]}}