{"id":186,"date":"2020-03-18T10:32:11","date_gmt":"2020-03-18T10:32:11","guid":{"rendered":"http:\/\/msbob.de\/?page_id=186"},"modified":"2020-03-18T10:36:03","modified_gmt":"2020-03-18T10:36:03","slug":"datenschutz","status":"publish","type":"page","link":"http:\/\/msbob.de\/?page_id=186","title":{"rendered":"Datenschutz"},"content":{"rendered":"\n<p><strong>Datenschutzbeauftragter<\/strong><\/p>\n\n\n\n<p>Datenschutzbeauftragter\nim Staatl. Schulamt des Landkreises Augsburg<\/p>\n\n\n\n<p>Hauke Meyn<\/p>\n\n\n\n<p>Telefon:\u00a0\u00a0\u00a0\u00a0\u00a0\u00a0\u00a0\u00a0\u00a0\u00a0\u00a0\u00a0\u00a0\u00a0\u00a0\u00a0\u00a0\u00a0\u00a0 +0049 821 3102 2538  oder  +0049 821 3102 1538 <\/p>\n\n\n\n<p>Mail:&nbsp;&nbsp;&nbsp;&nbsp;&nbsp;&nbsp;&nbsp;&nbsp;&nbsp;&nbsp;&nbsp;&nbsp;&nbsp;&nbsp;&nbsp;&nbsp;&nbsp;&nbsp;&nbsp;&nbsp;&nbsp;&nbsp;&nbsp;&nbsp;&nbsp;&nbsp; <a href=\"mailto:hauke.meyn@lra-a.bayern.de\">hauke.meyn@lra-a.bayern.de<\/a>&nbsp;&nbsp;&nbsp;&nbsp;&nbsp;&nbsp;&nbsp;&nbsp;&nbsp;&nbsp; <\/p>\n\n\n\n<p>Fragen und\nAnliegen des Datenschutzes Donnerstag, 8:00 \u2013 16:00 Uhr<\/p>\n\n\n\n<p><strong>Nutzungsbedingungen<\/strong><\/p>\n\n\n\n<p>Texte, Bilder, Grafiken sowie die Gestaltung dieser\nlnternetseiten unterliegen dem Urheberrecht. Sie d\u00fcrfen von lhnen nur zum\nprivaten und sonstigen eigenen Gebrauch im Rahmen des $ 53 Urhebergesetz (UrhG)\nverwendet werden. Eine Vervielf\u00e4ltigung oder Verwendung dieser Seiten oder\nTeilen davon in anderen elektronischen oder gedruckten Publikationen und deren\nVer\u00f6ffentlichung ist nur mit unserer Einwilligung gestattet. Diese erteilen auf\nAnfrage die f\u00fcr den lnhalt Verantwortlichen. Weiterhin k\u00f6nnen Texte, Bilder,\nGrafiken und sonstige Dateien ganz oder teilweise dem Urheberrecht Dritter\nunterliegen. Auch \u00fcber das Bestehen m\u00f6glicher Rechte Dritter geben lhnen die\nf\u00fcr den lnhalt Verantwortlichen n\u00e4here Ausk\u00fcnfte. Der Nachdruck und die\nAuswertung von Pressemitteilungen und Reden sind mit Quellenangaben allgemein\ngestattet.<\/p>\n\n\n\n<p><strong>Haftungsausschluss<\/strong><\/p>\n\n\n\n<p>Alle auf dieser lnternetseite bereitgestellten\nlnformationen haben wir nach bestem Wissen und Gewissen erarbeitet und gepr\u00fcft.\nEine Gew\u00e4hr f\u00fcr die jederzeitige Aktualit\u00e4t, Richtigkeit, Vollst\u00e4ndigkeit und\nVerf\u00fcgbarkeit der bereit gestellten lnformationen k\u00f6nnen wir allerdings nicht\n\u00fcbernehmen. Ein Vertragsverh\u00e4ltnis mit den Nutzern des lnternetangebots kommt\nnicht zustande. Wir haften nicht f\u00fcr Sch\u00e4den, die durch die Nutzung dieses\nlnternetangebots entstehen. Dieser Haftungsausschuss gilt nicht, soweit die\nVorschriften des S 839 BGB (Haftung bei Amtspflichtverletzung) einschl\u00e4gig\nsind. F\u00fcr etwaige Sch\u00e4den, die beim Aufrufen oder Herunterladen von Daten durch\nSchadsoftware oder der lnstallation oder Nutzung von Software verursacht\nwerden, wird nicht gehaftet.<\/p>\n\n\n\n<p><strong>Links<\/strong><\/p>\n\n\n\n<p>Von unseren eigenen lnhalten sind Querverweise\n(,,Links\u201c) auf die Webseiten anderer Anbieter zu unterscheiden. Durch diese\nLinks erm\u00f6glichen wir lediglich den Zugang zur Nutzung fremder lnhalte nach $ 8\nTelemediengesetz. Bei der erstmaligen Verkn\u00fcpfung mit diesen lnternetangeboten\nhaben wir diese fremden lnhalte daraufhin \u00fcberpr\u00fcft, ob durch sie eine m\u00f6gliche\nzivilrechtliche oder strafrechtliche Verantwortung ausgel\u00f6st wird. Wir k\u00f6nnen\ndiese fremden lnhalte aber nicht st\u00e4ndig auf Ver\u00e4nderungen \u00fcberpr\u00fcfen und daher\nauch keine Verantwortung \u00fcbernehmen. F\u00fcr illegale, fehlerhafte oder\nunvollst\u00e4ndige lnhalte und insbesondere f\u00fcr Sch\u00e4den, die aus der Nutzung oder\nNichtnutzung von lnformationen Dritter entstehen, haftet allein der jeweilige\nAnbieter der Seite.<\/p>\n\n\n\n<p>Aktualisiert (Mittwoch, den 18. M\u00e4rz 2020 11:30 Uhr)<\/p>\n","protected":false},"excerpt":{"rendered":"<p>Datenschutzbeauftragter Datenschutzbeauftragter im Staatl. Schulamt des Landkreises Augsburg Hauke Meyn Telefon:\u00a0\u00a0\u00a0\u00a0\u00a0\u00a0\u00a0\u00a0\u00a0\u00a0\u00a0\u00a0\u00a0\u00a0\u00a0\u00a0\u00a0\u00a0\u00a0 +0049 821 3102 2538 oder +0049 821 3102 1538 Mail:&nbsp;&nbsp;&nbsp;&nbsp;&nbsp;&nbsp;&nbsp;&nbsp;&nbsp;&nbsp;&nbsp;&nbsp;&nbsp;&nbsp;&nbsp;&nbsp;&nbsp;&nbsp;&nbsp;&nbsp;&nbsp;&nbsp;&nbsp;&nbsp;&nbsp;&nbsp; hauke.meyn@lra-a.bayern.de&nbsp;&nbsp;&nbsp;&nbsp;&nbsp;&nbsp;&nbsp;&nbsp;&nbsp;&nbsp; Fragen und Anliegen des Datenschutzes Donnerstag, 8:00 \u2013 16:00 Uhr Nutzungsbedingungen Texte, Bilder, Grafiken sowie die Gestaltung dieser<\/p>\n","protected":false},"author":1,"featured_media":0,"parent":20,"menu_order":0,"comment_status":"closed","ping_status":"closed","template":"","meta":{"footnotes":""},"class_list":["post-186","page","type-page","status-publish","hentry"],"jetpack_sharing_enabled":true,"_links":{"self":[{"href":"http:\/\/msbob.de\/index.php?rest_route=\/wp\/v2\/pages\/186","targetHints":{"allow":["GET"]}}],"collection":[{"href":"http:\/\/msbob.de\/index.php?rest_route=\/wp\/v2\/pages"}],"about":[{"href":"http:\/\/msbob.de\/index.php?rest_route=\/wp\/v2\/types\/page"}],"author":[{"embeddable":true,"href":"http:\/\/msbob.de\/index.php?rest_route=\/wp\/v2\/users\/1"}],"replies":[{"embeddable":true,"href":"http:\/\/msbob.de\/index.php?rest_route=%2Fwp%2Fv2%2Fcomments&post=186"}],"version-history":[{"count":4,"href":"http:\/\/msbob.de\/index.php?rest_route=\/wp\/v2\/pages\/186\/revisions"}],"predecessor-version":[{"id":193,"href":"http:\/\/msbob.de\/index.php?rest_route=\/wp\/v2\/pages\/186\/revisions\/193"}],"up":[{"embeddable":true,"href":"http:\/\/msbob.de\/index.php?rest_route=\/wp\/v2\/pages\/20"}],"wp:attachment":[{"href":"http:\/\/msbob.de\/index.php?rest_route=%2Fwp%2Fv2%2Fmedia&parent=186"}],"curies":[{"name":"wp","href":"https:\/\/api.w.org\/{rel}","templated":true}]}}