{"id":176,"date":"2020-03-17T10:46:17","date_gmt":"2020-03-17T10:46:17","guid":{"rendered":"http:\/\/msbob.de\/?page_id=176"},"modified":"2021-06-25T09:33:34","modified_gmt":"2021-06-25T09:33:34","slug":"corona-update","status":"publish","type":"page","link":"http:\/\/msbob.de\/?page_id=176","title":{"rendered":"Informationen zum Datenschutz"},"content":{"rendered":"\n<p>Sehr geehrte Eltern, liebe Sch\u00fclerinnen und Sch\u00fcler,<\/p>\n\n\n\n<p>an unserer Schule gibt es f\u00fcr Sie\/ euch das unabh\u00e4ngige und vertrauliche Jugendhilfeangebot: Jugendsozialarbeit an Schulen:<\/p>\n\n\n\n<p>N\u00e4here Informationen dazu finden Sie\/ findet ihr \u00fcber folgenden Link:<\/p>\n\n\n\n<p><a href=\"www.st.-gregor.de\/angebote\/jugendhilfe-in-kooperation-mit-schule\">www.st.-gregor.de\/angebote\/jugendhilfe-in-kooperation-mit-schule<\/a><\/p>\n\n\n\n<p>Um dieses Angebot bekannt und leicht zug\u00e4nglich zu machen, sprechen wir Sch\u00fclerinnen, Sch\u00fcler und Eltern \u00fcber verschiedene Wege an, z.B. durch Vorstellungen in Klassen, Teilnahme an Elternabenden oder auch durch pers\u00f6nliche Kontaktaufnahme im Gespr\u00e4ch oder \u00fcber Telefon. Wenn Sie dies ausdr\u00fccklich nicht m\u00f6chten, wenden Sie sich bitte an Ihre JaS-Fachkraft oder an die Schulleitung.<strong><br><\/strong><br><br> <\/p>\n\n\n\n\n\n<p><strong>Notfallnummern<\/strong>:<\/p>\n\n\n\n<p>    \u25cf Hilfetelefon Gewalt gegen Frauen ( 0800 116 016)<\/p>\n\n\n\n<p>    \u25cf Kummer f\u00fcr Kinder und Jugendliche ( 0800 111 0 333)<\/p>\n\n\n\n<p>  \u25cf Corona Krisenberatung der Aetas Kinderstiftung                Telefonnummer: 089 997 40 90 20   <\/p>\n\n\n\n<p> <\/p>\n\n\n\n<div class=\"wp-block-file\"><a href=\"http:\/\/msbob.de\/wp-content\/uploads\/2020\/03\/Fernseh-Internet-und-Lesetipps.pdf\">  <br> <br> <br> <br><br><br>Fernseh-Internet-und-Lesetipps<\/a><a href=\"http:\/\/msbob.de\/wp-content\/uploads\/2020\/03\/Fernseh-Internet-und-Lesetipps.pdf\" class=\"wp-block-file__button\" download>Herunterladen<\/a><\/div>\n\n\n\n<div class=\"wp-block-file\"><a href=\"http:\/\/msbob.de\/wp-content\/uploads\/2020\/03\/Tipps-gegen-Langeweile-PDF.pdf\">Tipps-gegen-Langeweile<\/a><a href=\"http:\/\/msbob.de\/wp-content\/uploads\/2020\/03\/Tipps-gegen-Langeweile-PDF.pdf\" class=\"wp-block-file__button\" download>Herunterladen<\/a><\/div>\n\n\n\n<div class=\"wp-block-file\"><a href=\"http:\/\/msbob.de\/wp-content\/uploads\/2020\/04\/Aktion-Jugendschutz-Mehrsprachige-Informationen.pdf\">Aktion-Jugendschutz-Mehrsprachige-Informationen<\/a><a href=\"http:\/\/msbob.de\/wp-content\/uploads\/2020\/04\/Aktion-Jugendschutz-Mehrsprachige-Informationen.pdf\" class=\"wp-block-file__button\" download>Herunterladen<\/a><\/div>\n\n\n\n<div class=\"wp-block-file\"><a href=\"http:\/\/msbob.de\/wp-content\/uploads\/2020\/04\/Erkl\u00e4rvideos-Jobcenter.pdf\">Erkl\u00e4rvideos-Jobcenter<\/a><a href=\"http:\/\/msbob.de\/wp-content\/uploads\/2020\/04\/Erkl\u00e4rvideos-Jobcenter.pdf\" class=\"wp-block-file__button\" download>Herunterladen<\/a><\/div>\n","protected":false},"excerpt":{"rendered":"<p>Sehr geehrte Eltern, liebe Sch\u00fclerinnen und Sch\u00fcler, an unserer Schule gibt es f\u00fcr Sie\/ euch das unabh\u00e4ngige und vertrauliche Jugendhilfeangebot: Jugendsozialarbeit an Schulen: N\u00e4here Informationen dazu finden Sie\/ findet ihr \u00fcber folgenden Link: www.st.-gregor.de\/angebote\/jugendhilfe-in-kooperation-mit-schule Um dieses Angebot bekannt und leicht<\/p>\n","protected":false},"author":1,"featured_media":0,"parent":169,"menu_order":0,"comment_status":"closed","ping_status":"closed","template":"","meta":{"footnotes":""},"class_list":["post-176","page","type-page","status-publish","hentry"],"jetpack_sharing_enabled":true,"_links":{"self":[{"href":"http:\/\/msbob.de\/index.php?rest_route=\/wp\/v2\/pages\/176","targetHints":{"allow":["GET"]}}],"collection":[{"href":"http:\/\/msbob.de\/index.php?rest_route=\/wp\/v2\/pages"}],"about":[{"href":"http:\/\/msbob.de\/index.php?rest_route=\/wp\/v2\/types\/page"}],"author":[{"embeddable":true,"href":"http:\/\/msbob.de\/index.php?rest_route=\/wp\/v2\/users\/1"}],"replies":[{"embeddable":true,"href":"http:\/\/msbob.de\/index.php?rest_route=%2Fwp%2Fv2%2Fcomments&post=176"}],"version-history":[{"count":22,"href":"http:\/\/msbob.de\/index.php?rest_route=\/wp\/v2\/pages\/176\/revisions"}],"predecessor-version":[{"id":978,"href":"http:\/\/msbob.de\/index.php?rest_route=\/wp\/v2\/pages\/176\/revisions\/978"}],"up":[{"embeddable":true,"href":"http:\/\/msbob.de\/index.php?rest_route=\/wp\/v2\/pages\/169"}],"wp:attachment":[{"href":"http:\/\/msbob.de\/index.php?rest_route=%2Fwp%2Fv2%2Fmedia&parent=176"}],"curies":[{"name":"wp","href":"https:\/\/api.w.org\/{rel}","templated":true}]}}