{"id":1052,"date":"2022-01-20T12:13:06","date_gmt":"2022-01-20T12:13:06","guid":{"rendered":"http:\/\/msbob.de\/?page_id=1052"},"modified":"2022-01-20T12:13:07","modified_gmt":"2022-01-20T12:13:07","slug":"praktikumsplaetze","status":"publish","type":"page","link":"http:\/\/msbob.de\/?page_id=1052","title":{"rendered":"Praktikumspl\u00e4tze"},"content":{"rendered":"\n<p><strong>Aktuelle Praktikumspl\u00e4tze<\/strong><\/p>\n\n\n\n<p>Wir wollen wollen dich bei deiner Suche nach einem Praktikumspl\u00e4tze unterst\u00fctzen. Du findest auf unserer Homepage zahlreiche Stellenangebote. Gerne kannst du dich auch an Frau Bayer und Frau Weber wenden, wenn du Unterst\u00fctzung ben\u00f6tigst. Viel Spa\u00df beim St\u00f6bern.<\/p>\n","protected":false},"excerpt":{"rendered":"<p>Aktuelle Praktikumspl\u00e4tze Wir wollen wollen dich bei deiner Suche nach einem Praktikumspl\u00e4tze unterst\u00fctzen. Du findest auf unserer Homepage zahlreiche Stellenangebote. Gerne kannst du dich auch an Frau Bayer und Frau Weber wenden, wenn du Unterst\u00fctzung ben\u00f6tigst. Viel Spa\u00df beim St\u00f6bern.<\/p>\n","protected":false},"author":1,"featured_media":0,"parent":1017,"menu_order":0,"comment_status":"closed","ping_status":"closed","template":"","meta":{"footnotes":""},"class_list":["post-1052","page","type-page","status-publish","hentry"],"jetpack_sharing_enabled":true,"_links":{"self":[{"href":"http:\/\/msbob.de\/index.php?rest_route=\/wp\/v2\/pages\/1052","targetHints":{"allow":["GET"]}}],"collection":[{"href":"http:\/\/msbob.de\/index.php?rest_route=\/wp\/v2\/pages"}],"about":[{"href":"http:\/\/msbob.de\/index.php?rest_route=\/wp\/v2\/types\/page"}],"author":[{"embeddable":true,"href":"http:\/\/msbob.de\/index.php?rest_route=\/wp\/v2\/users\/1"}],"replies":[{"embeddable":true,"href":"http:\/\/msbob.de\/index.php?rest_route=%2Fwp%2Fv2%2Fcomments&post=1052"}],"version-history":[{"count":1,"href":"http:\/\/msbob.de\/index.php?rest_route=\/wp\/v2\/pages\/1052\/revisions"}],"predecessor-version":[{"id":1053,"href":"http:\/\/msbob.de\/index.php?rest_route=\/wp\/v2\/pages\/1052\/revisions\/1053"}],"up":[{"embeddable":true,"href":"http:\/\/msbob.de\/index.php?rest_route=\/wp\/v2\/pages\/1017"}],"wp:attachment":[{"href":"http:\/\/msbob.de\/index.php?rest_route=%2Fwp%2Fv2%2Fmedia&parent=1052"}],"curies":[{"name":"wp","href":"https:\/\/api.w.org\/{rel}","templated":true}]}}